{"id":226,"date":"2021-07-27T16:11:47","date_gmt":"2021-07-27T16:11:47","guid":{"rendered":"https:\/\/arvenada.com\/wordpress\/?page_id=226"},"modified":"2021-07-27T16:19:19","modified_gmt":"2021-07-27T16:19:19","slug":"iletisim","status":"publish","type":"page","link":"https:\/\/arvenada.com\/wordpress\/index.php\/iletisim\/","title":{"rendered":"B\u0130ZE ULA\u015eIN"},"content":{"rendered":"\n<div class=\"wp-block-media-text alignwide is-stacked-on-mobile\"><figure class=\"wp-block-media-text__media\"><img decoding=\"async\" src=\"https:\/\/arvenada.com\/wp-content\/uploads\/2020\/10\/ese.png\" alt=\"\" class=\"wp-image-73 size-full\"\/><\/figure><div class=\"wp-block-media-text__content\">\n<p><em>Adres :<\/em>&nbsp;<strong>\u00c7eliktepe Mah. Mahmut \u015eevket Pa\u015fa Cad. No:38\/4,<\/strong><br><strong>34143, Ka\u011f\u0131thane, \u0130stanbul<\/strong><\/p>\n\n\n\n<p><em>Tel :&nbsp;<\/em><strong>0 551 403 00 97<\/strong><br><em>Mail :<\/em>&nbsp;<strong>info@arvenada.com<\/strong><\/p>\n\n\n\n<p><em>Vergi Dairesi :<strong>&nbsp;Zincirlikuyu V.D.<\/strong><br>Vergi No :<strong>&nbsp;0861211825<\/strong><\/em><\/p>\n\n\n\n<p>\u00c7al\u0131\u015fma Saatleri:<br>Pazartesi-Cuma : 09:00-18:00<\/p>\n<\/div><\/div>\n\n\n\n<hr class=\"wp-block-separator is-style-wide\"\/>\n\n\n\n<iframe src=\"https:\/\/www.google.com\/maps\/embed?pb=!1m14!1m8!1m3!1d57208.42816220002!2d28.993176265949383!3d41.09854493296336!3m2!1i1024!2i768!4f13.1!3m3!1m2!1s0x0%3A0xc8aeb8357e774796!2sArven%20Ada%20Bili%C5%9Fim%20ve%20Dan%C4%B1%C5%9Fmanl%C4%B1k%20Hizmetleri!5e0!3m2!1str!2str!4v1627402331782!5m2!1str!2str\" width=\"800\" height=\"600\" style=\"border:0;\" allowfullscreen=\"\" loading=\"lazy\"><\/iframe>\n","protected":false},"excerpt":{"rendered":"<p>Adres :&nbsp;\u00c7eliktepe Mah. Mahmut \u015eevket Pa\u015fa Cad. No:38\/4,34143, Ka\u011f\u0131thane, \u0130stanbul Tel :&nbsp;0 551 403 00 97Mail :&nbsp;info@arvenada.com Vergi Dairesi :&nbsp;Zincirlikuyu V.D.Vergi No :&nbsp;0861211825 \u00c7al\u0131\u015fma Saatleri:Pazartesi-Cuma : 09:00-18:00<\/p>\n","protected":false},"author":1,"featured_media":0,"parent":0,"menu_order":0,"comment_status":"closed","ping_status":"closed","template":"","meta":{"footnotes":""},"class_list":["post-226","page","type-page","status-publish","hentry"],"_links":{"self":[{"href":"https:\/\/arvenada.com\/wordpress\/index.php\/wp-json\/wp\/v2\/pages\/226","targetHints":{"allow":["GET"]}}],"collection":[{"href":"https:\/\/arvenada.com\/wordpress\/index.php\/wp-json\/wp\/v2\/pages"}],"about":[{"href":"https:\/\/arvenada.com\/wordpress\/index.php\/wp-json\/wp\/v2\/types\/page"}],"author":[{"embeddable":true,"href":"https:\/\/arvenada.com\/wordpress\/index.php\/wp-json\/wp\/v2\/users\/1"}],"replies":[{"embeddable":true,"href":"https:\/\/arvenada.com\/wordpress\/index.php\/wp-json\/wp\/v2\/comments?post=226"}],"version-history":[{"count":4,"href":"https:\/\/arvenada.com\/wordpress\/index.php\/wp-json\/wp\/v2\/pages\/226\/revisions"}],"predecessor-version":[{"id":233,"href":"https:\/\/arvenada.com\/wordpress\/index.php\/wp-json\/wp\/v2\/pages\/226\/revisions\/233"}],"wp:attachment":[{"href":"https:\/\/arvenada.com\/wordpress\/index.php\/wp-json\/wp\/v2\/media?parent=226"}],"curies":[{"name":"wp","href":"https:\/\/api.w.org\/{rel}","templated":true}]}}